{"id":7,"date":"2011-05-23T11:25:47","date_gmt":"2011-05-23T11:25:47","guid":{"rendered":"http:\/\/www.cilic-medjugorje.com\/de\/"},"modified":"2019-05-15T11:01:50","modified_gmt":"2019-05-15T11:01:50","slug":"unterkunft","status":"publish","type":"page","link":"https:\/\/www.cilic-medjugorje.com\/de\/unterkunft\/","title":{"rendered":"Unterkunft"},"content":{"rendered":"<p>Unsere Pension empf\u00e4ngt schon seit 24 Jahren die Pilger aus der ganzen Welt. Wenn Sie Me\u0111ugorje besuchen und die angenehme Familienatmosf\u00e4re genie\u00dfen m\u00f6chten, kommen Sie bei uns vorbei. Wir befinden uns im Zentrum von Me\u0111ugorje, nur 300 Meter von der Kirche des heiligen Jakobus entfernt. Unsere Pension verf\u00fcgt \u00fcber 54 Betten, ein Restaurant und eine Bar, alles klimatisiert. Au\u00dferdem bieten wir Ihnen kostenlosen Internetzugang, Sat-TV und kostenlose Parkm\u00f6glichkeit.<\/p>\n\n<div class=\"ngg-galleryoverview\" id=\"ngg-gallery-1-7\">\n\n\t<!-- Slideshow link -->\n\t<div class=\"slideshowlink\">\n\t\t<a class=\"slideshowlink\" href=\"https:\/\/www.cilic-medjugorje.com\/de\/unterkunft\/?show=slide\">\n\t\t\t[Show as slideshow]\t\t<\/a>\n\t<\/div>\n\n\t\n\t<!-- Thumbnails -->\n\t\t\n\t<div id=\"ngg-image-1\" class=\"ngg-gallery-thumbnail-box\"  >\n\t\t<div class=\"ngg-gallery-thumbnail\" >\n\t\t\t<a href=\"https:\/\/www.cilic-medjugorje.com\/de\/wp-content\/gallery\/smjestaj\/IMG_1698.JPG\" title=\" \" class=\"shutterset_set_1\" >\n\t\t\t\t\t\t\t\t<img title=\"IMG_1698\" alt=\"IMG_1698\" src=\"https:\/\/www.cilic-medjugorje.com\/de\/wp-content\/gallery\/smjestaj\/thumbs\/thumbs_IMG_1698.JPG\" width=\"100\" height=\"75\" \/>\n\t\t\t\t\t\t\t<\/a>\n\t\t<\/div>\n\t<\/div>\n\t\n\t\t\n \t\t\n\t<div id=\"ngg-image-2\" class=\"ngg-gallery-thumbnail-box\"  >\n\t\t<div class=\"ngg-gallery-thumbnail\" >\n\t\t\t<a href=\"https:\/\/www.cilic-medjugorje.com\/de\/wp-content\/gallery\/smjestaj\/IMG_1699.JPG\" title=\" \" class=\"shutterset_set_1\" >\n\t\t\t\t\t\t\t\t<img title=\"IMG_1699\" alt=\"IMG_1699\" src=\"https:\/\/www.cilic-medjugorje.com\/de\/wp-content\/gallery\/smjestaj\/thumbs\/thumbs_IMG_1699.JPG\" width=\"100\" height=\"75\" \/>\n\t\t\t\t\t\t\t<\/a>\n\t\t<\/div>\n\t<\/div>\n\t\n\t\t\n \t\t\n\t<div id=\"ngg-image-3\" class=\"ngg-gallery-thumbnail-box\"  >\n\t\t<div class=\"ngg-gallery-thumbnail\" >\n\t\t\t<a href=\"https:\/\/www.cilic-medjugorje.com\/de\/wp-content\/gallery\/smjestaj\/IMG_1701.JPG\" title=\" \" class=\"shutterset_set_1\" >\n\t\t\t\t\t\t\t\t<img title=\"IMG_1701\" alt=\"IMG_1701\" src=\"https:\/\/www.cilic-medjugorje.com\/de\/wp-content\/gallery\/smjestaj\/thumbs\/thumbs_IMG_1701.JPG\" width=\"100\" height=\"75\" \/>\n\t\t\t\t\t\t\t<\/a>\n\t\t<\/div>\n\t<\/div>\n\t\n\t\t\n \t\t\n\t<div id=\"ngg-image-4\" class=\"ngg-gallery-thumbnail-box\"  >\n\t\t<div class=\"ngg-gallery-thumbnail\" >\n\t\t\t<a href=\"https:\/\/www.cilic-medjugorje.com\/de\/wp-content\/gallery\/smjestaj\/IMG_1702.JPG\" title=\" \" class=\"shutterset_set_1\" >\n\t\t\t\t\t\t\t\t<img title=\"IMG_1702\" alt=\"IMG_1702\" src=\"https:\/\/www.cilic-medjugorje.com\/de\/wp-content\/gallery\/smjestaj\/thumbs\/thumbs_IMG_1702.JPG\" width=\"100\" height=\"75\" \/>\n\t\t\t\t\t\t\t<\/a>\n\t\t<\/div>\n\t<\/div>\n\t\n\t\t\n \t\t\n\t<div id=\"ngg-image-5\" class=\"ngg-gallery-thumbnail-box\"  >\n\t\t<div class=\"ngg-gallery-thumbnail\" >\n\t\t\t<a href=\"https:\/\/www.cilic-medjugorje.com\/de\/wp-content\/gallery\/smjestaj\/IMG_1707.JPG\" title=\" \" class=\"shutterset_set_1\" >\n\t\t\t\t\t\t\t\t<img title=\"IMG_1707\" alt=\"IMG_1707\" src=\"https:\/\/www.cilic-medjugorje.com\/de\/wp-content\/gallery\/smjestaj\/thumbs\/thumbs_IMG_1707.JPG\" width=\"100\" height=\"75\" \/>\n\t\t\t\t\t\t\t<\/a>\n\t\t<\/div>\n\t<\/div>\n\t\n\t\t\n \t\t\n\t<div id=\"ngg-image-6\" class=\"ngg-gallery-thumbnail-box\"  >\n\t\t<div class=\"ngg-gallery-thumbnail\" >\n\t\t\t<a href=\"https:\/\/www.cilic-medjugorje.com\/de\/wp-content\/gallery\/smjestaj\/IMG_1711.JPG\" title=\" \" class=\"shutterset_set_1\" >\n\t\t\t\t\t\t\t\t<img title=\"IMG_1711\" alt=\"IMG_1711\" src=\"https:\/\/www.cilic-medjugorje.com\/de\/wp-content\/gallery\/smjestaj\/thumbs\/thumbs_IMG_1711.JPG\" width=\"100\" height=\"75\" \/>\n\t\t\t\t\t\t\t<\/a>\n\t\t<\/div>\n\t<\/div>\n\t\n\t\t\n \t\t\n\t<div id=\"ngg-image-7\" class=\"ngg-gallery-thumbnail-box\"  >\n\t\t<div class=\"ngg-gallery-thumbnail\" >\n\t\t\t<a href=\"https:\/\/www.cilic-medjugorje.com\/de\/wp-content\/gallery\/smjestaj\/IMG_1713.JPG\" title=\" \" class=\"shutterset_set_1\" >\n\t\t\t\t\t\t\t\t<img title=\"IMG_1713\" alt=\"IMG_1713\" src=\"https:\/\/www.cilic-medjugorje.com\/de\/wp-content\/gallery\/smjestaj\/thumbs\/thumbs_IMG_1713.JPG\" width=\"100\" height=\"75\" \/>\n\t\t\t\t\t\t\t<\/a>\n\t\t<\/div>\n\t<\/div>\n\t\n\t\t\n \t\t\n\t<div id=\"ngg-image-8\" class=\"ngg-gallery-thumbnail-box\"  >\n\t\t<div class=\"ngg-gallery-thumbnail\" >\n\t\t\t<a href=\"https:\/\/www.cilic-medjugorje.com\/de\/wp-content\/gallery\/smjestaj\/IMG_1723.JPG\" title=\" \" class=\"shutterset_set_1\" >\n\t\t\t\t\t\t\t\t<img title=\"IMG_1723\" alt=\"IMG_1723\" src=\"https:\/\/www.cilic-medjugorje.com\/de\/wp-content\/gallery\/smjestaj\/thumbs\/thumbs_IMG_1723.JPG\" width=\"100\" height=\"75\" \/>\n\t\t\t\t\t\t\t<\/a>\n\t\t<\/div>\n\t<\/div>\n\t\n\t\t\n \t\t\n\t<div id=\"ngg-image-9\" class=\"ngg-gallery-thumbnail-box\"  >\n\t\t<div class=\"ngg-gallery-thumbnail\" >\n\t\t\t<a href=\"https:\/\/www.cilic-medjugorje.com\/de\/wp-content\/gallery\/smjestaj\/IMG_1728.JPG\" title=\" \" class=\"shutterset_set_1\" >\n\t\t\t\t\t\t\t\t<img title=\"IMG_1728\" alt=\"IMG_1728\" src=\"https:\/\/www.cilic-medjugorje.com\/de\/wp-content\/gallery\/smjestaj\/thumbs\/thumbs_IMG_1728.JPG\" width=\"100\" height=\"75\" \/>\n\t\t\t\t\t\t\t<\/a>\n\t\t<\/div>\n\t<\/div>\n\t\n\t\t\n \t\t\n\t<div id=\"ngg-image-10\" class=\"ngg-gallery-thumbnail-box\"  >\n\t\t<div class=\"ngg-gallery-thumbnail\" >\n\t\t\t<a href=\"https:\/\/www.cilic-medjugorje.com\/de\/wp-content\/gallery\/smjestaj\/IMG_2231.JPG\" title=\" \" class=\"shutterset_set_1\" >\n\t\t\t\t\t\t\t\t<img title=\"IMG_2231\" alt=\"IMG_2231\" src=\"https:\/\/www.cilic-medjugorje.com\/de\/wp-content\/gallery\/smjestaj\/thumbs\/thumbs_IMG_2231.JPG\" width=\"100\" height=\"75\" \/>\n\t\t\t\t\t\t\t<\/a>\n\t\t<\/div>\n\t<\/div>\n\t\n\t\t\n \t\t\n\t<div id=\"ngg-image-11\" class=\"ngg-gallery-thumbnail-box\"  >\n\t\t<div class=\"ngg-gallery-thumbnail\" >\n\t\t\t<a href=\"https:\/\/www.cilic-medjugorje.com\/de\/wp-content\/gallery\/smjestaj\/IMG_2232.JPG\" title=\" \" class=\"shutterset_set_1\" >\n\t\t\t\t\t\t\t\t<img title=\"IMG_2232\" alt=\"IMG_2232\" src=\"https:\/\/www.cilic-medjugorje.com\/de\/wp-content\/gallery\/smjestaj\/thumbs\/thumbs_IMG_2232.JPG\" width=\"100\" height=\"75\" \/>\n\t\t\t\t\t\t\t<\/a>\n\t\t<\/div>\n\t<\/div>\n\t\n\t\t\n \t\t\n\t<div id=\"ngg-image-12\" class=\"ngg-gallery-thumbnail-box\"  >\n\t\t<div class=\"ngg-gallery-thumbnail\" >\n\t\t\t<a href=\"https:\/\/www.cilic-medjugorje.com\/de\/wp-content\/gallery\/smjestaj\/IMG_2233.JPG\" title=\" \" class=\"shutterset_set_1\" >\n\t\t\t\t\t\t\t\t<img title=\"IMG_2233\" alt=\"IMG_2233\" src=\"https:\/\/www.cilic-medjugorje.com\/de\/wp-content\/gallery\/smjestaj\/thumbs\/thumbs_IMG_2233.JPG\" width=\"100\" height=\"75\" \/>\n\t\t\t\t\t\t\t<\/a>\n\t\t<\/div>\n\t<\/div>\n\t\n\t\t\n \t\t\n\t<div id=\"ngg-image-13\" class=\"ngg-gallery-thumbnail-box\"  >\n\t\t<div class=\"ngg-gallery-thumbnail\" >\n\t\t\t<a href=\"https:\/\/www.cilic-medjugorje.com\/de\/wp-content\/gallery\/smjestaj\/IMG_2234.JPG\" title=\" \" class=\"shutterset_set_1\" >\n\t\t\t\t\t\t\t\t<img title=\"IMG_2234\" alt=\"IMG_2234\" src=\"https:\/\/www.cilic-medjugorje.com\/de\/wp-content\/gallery\/smjestaj\/thumbs\/thumbs_IMG_2234.JPG\" width=\"100\" height=\"75\" \/>\n\t\t\t\t\t\t\t<\/a>\n\t\t<\/div>\n\t<\/div>\n\t\n\t\t\n \t\t\n\t<div id=\"ngg-image-14\" class=\"ngg-gallery-thumbnail-box\"  >\n\t\t<div class=\"ngg-gallery-thumbnail\" >\n\t\t\t<a href=\"https:\/\/www.cilic-medjugorje.com\/de\/wp-content\/gallery\/smjestaj\/IMG_2237.JPG\" title=\" \" class=\"shutterset_set_1\" >\n\t\t\t\t\t\t\t\t<img title=\"IMG_2237\" alt=\"IMG_2237\" src=\"https:\/\/www.cilic-medjugorje.com\/de\/wp-content\/gallery\/smjestaj\/thumbs\/thumbs_IMG_2237.JPG\" width=\"100\" height=\"75\" \/>\n\t\t\t\t\t\t\t<\/a>\n\t\t<\/div>\n\t<\/div>\n\t\n\t\t\n \t \t\n\t<!-- Pagination -->\n \t<div class='ngg-clear'><\/div>\n \t\n<\/div>\n\n\n","protected":false},"excerpt":{"rendered":"<p>Unsere Pension empf\u00e4ngt schon seit 24 Jahren die Pilger aus der ganzen Welt. Wenn Sie Me\u0111ugorje besuchen und die angenehme Familienatmosf\u00e4re genie\u00dfen m\u00f6chten, kommen Sie bei uns vorbei. Wir befinden uns im Zentrum von Me\u0111ugorje, nur 300 Meter von der Kirche des heiligen Jakobus entfernt. Unsere Pension verf\u00fcgt \u00fcber 54 Betten, ein Restaurant und eine [&hellip;]<\/p>\n","protected":false},"author":2,"featured_media":0,"parent":0,"menu_order":1,"comment_status":"closed","ping_status":"closed","template":"","meta":[],"_links":{"self":[{"href":"https:\/\/www.cilic-medjugorje.com\/de\/wp-json\/wp\/v2\/pages\/7"}],"collection":[{"href":"https:\/\/www.cilic-medjugorje.com\/de\/wp-json\/wp\/v2\/pages"}],"about":[{"href":"https:\/\/www.cilic-medjugorje.com\/de\/wp-json\/wp\/v2\/types\/page"}],"author":[{"embeddable":true,"href":"https:\/\/www.cilic-medjugorje.com\/de\/wp-json\/wp\/v2\/users\/2"}],"replies":[{"embeddable":true,"href":"https:\/\/www.cilic-medjugorje.com\/de\/wp-json\/wp\/v2\/comments?post=7"}],"version-history":[{"count":2,"href":"https:\/\/www.cilic-medjugorje.com\/de\/wp-json\/wp\/v2\/pages\/7\/revisions"}],"predecessor-version":[{"id":17,"href":"https:\/\/www.cilic-medjugorje.com\/de\/wp-json\/wp\/v2\/pages\/7\/revisions\/17"}],"wp:attachment":[{"href":"https:\/\/www.cilic-medjugorje.com\/de\/wp-json\/wp\/v2\/media?parent=7"}],"curies":[{"name":"wp","href":"https:\/\/api.w.org\/{rel}","templated":true}]}}